{"id":176,"date":"2023-05-31T22:12:00","date_gmt":"2023-05-31T21:12:00","guid":{"rendered":"https:\/\/laurafilgueira.live-website.com\/?page_id=176"},"modified":"2025-07-29T12:42:45","modified_gmt":"2025-07-29T11:42:45","slug":"sobre-laura","status":"publish","type":"page","link":"https:\/\/laurafilgueira.com\/ca\/sobre-laura","title":{"rendered":"Sobre Laura"},"content":{"rendered":"<div data-elementor-type=\"wp-page\" data-elementor-id=\"176\" class=\"elementor elementor-176\" data-elementor-post-type=\"page\">\n\t\t\t\t\t\t<section class=\"elementor-section elementor-top-section elementor-element elementor-element-6de7549 elementor-section-full_width elementor-section-stretched elementor-section-height-default elementor-section-height-default\" data-id=\"6de7549\" data-element_type=\"section\" data-e-type=\"section\" data-settings=\"{&quot;stretch_section&quot;:&quot;section-stretched&quot;}\">\n\t\t\t\t\t\t<div class=\"elementor-container elementor-column-gap-default\">\n\t\t\t\t\t<div class=\"elementor-column elementor-col-66 elementor-top-column elementor-element elementor-element-45fdc96\" data-id=\"45fdc96\" data-element_type=\"column\" data-e-type=\"column\">\n\t\t\t<div class=\"elementor-widget-wrap elementor-element-populated\">\n\t\t\t\t\t\t<div class=\"elementor-element elementor-element-407921c elementor-widget elementor-widget-image\" data-id=\"407921c\" data-element_type=\"widget\" data-e-type=\"widget\" data-widget_type=\"image.default\">\n\t\t\t\t<div class=\"elementor-widget-container\">\n\t\t\t\t\t\t\t\t\t\t\t\t\t\t\t<img fetchpriority=\"high\" decoding=\"async\" width=\"1200\" height=\"800\" src=\"https:\/\/laurafilgueira.com\/wp-content\/uploads\/2023\/07\/DSC0900-optimized.jpeg\" class=\"attachment-full size-full wp-image-1317\" alt=\"\" srcset=\"https:\/\/laurafilgueira.com\/wp-content\/uploads\/2023\/07\/DSC0900-optimized.jpeg 1200w, https:\/\/laurafilgueira.com\/wp-content\/uploads\/2023\/07\/DSC0900-optimized-300x200.jpeg 300w, https:\/\/laurafilgueira.com\/wp-content\/uploads\/2023\/07\/DSC0900-optimized-1024x683.jpeg 1024w, https:\/\/laurafilgueira.com\/wp-content\/uploads\/2023\/07\/DSC0900-optimized-768x512.jpeg 768w, https:\/\/laurafilgueira.com\/wp-content\/uploads\/2023\/07\/DSC0900-optimized-18x12.jpeg 18w\" sizes=\"(max-width: 1200px) 100vw, 1200px\" \/>\t\t\t\t\t\t\t\t\t\t\t\t\t\t\t<\/div>\n\t\t\t\t<\/div>\n\t\t\t\t\t<\/div>\n\t\t<\/div>\n\t\t\t\t<div class=\"elementor-column elementor-col-33 elementor-top-column elementor-element elementor-element-3f8b4b0\" data-id=\"3f8b4b0\" data-element_type=\"column\" data-e-type=\"column\" data-settings=\"{&quot;background_background&quot;:&quot;classic&quot;}\">\n\t\t\t<div class=\"elementor-widget-wrap elementor-element-populated\">\n\t\t\t\t\t\t<div class=\"elementor-element elementor-element-1d703d3 elementor-invisible elementor-widget elementor-widget-heading\" data-id=\"1d703d3\" data-element_type=\"widget\" data-e-type=\"widget\" data-settings=\"{&quot;_animation&quot;:&quot;fadeInUp&quot;}\" data-widget_type=\"heading.default\">\n\t\t\t\t<div class=\"elementor-widget-container\">\n\t\t\t\t\t<h2 class=\"elementor-heading-title elementor-size-default\">\u201cQue all\u00f2 que faci en el meu dia a dia, em mantingui connectada als meus valors.\u201d<\/h2>\t\t\t\t<\/div>\n\t\t\t\t<\/div>\n\t\t\t\t<div class=\"elementor-element elementor-element-0471ce9 elementor-invisible elementor-widget elementor-widget-text-editor\" data-id=\"0471ce9\" data-element_type=\"widget\" data-e-type=\"widget\" data-settings=\"{&quot;_animation&quot;:&quot;fadeInUp&quot;}\" data-widget_type=\"text-editor.default\">\n\t\t\t\t<div class=\"elementor-widget-container\">\n\t\t\t\t\t\t\t\t\t<p><span style=\"font-weight: 400;\">Comunicar, y comunicar bien, es mi pasi\u00f3n. Desde que estudi\u00e9 Publicidad y RRPP me fascina la magia de hacer llegar el mensaje correcto a la persona adecuada, y de la forma adecuada.<\/span><\/p>\t\t\t\t\t\t\t\t<\/div>\n\t\t\t\t<\/div>\n\t\t\t\t\t<\/div>\n\t\t<\/div>\n\t\t\t\t\t<\/div>\n\t\t<\/section>\n\t\t\t\t<section class=\"elementor-section elementor-top-section elementor-element elementor-element-514677f elementor-section-boxed elementor-section-height-default elementor-section-height-default\" data-id=\"514677f\" data-element_type=\"section\" data-e-type=\"section\">\n\t\t\t\t\t\t<div class=\"elementor-container elementor-column-gap-default\">\n\t\t\t\t\t<div class=\"elementor-column elementor-col-100 elementor-top-column elementor-element elementor-element-ab906e5\" data-id=\"ab906e5\" data-element_type=\"column\" data-e-type=\"column\">\n\t\t\t<div class=\"elementor-widget-wrap elementor-element-populated\">\n\t\t\t\t\t\t<div class=\"elementor-element elementor-element-bebf617 elementor-widget__width-initial elementor-invisible elementor-widget elementor-widget-text-editor\" data-id=\"bebf617\" data-element_type=\"widget\" data-e-type=\"widget\" data-settings=\"{&quot;_animation&quot;:&quot;fadeInUp&quot;}\" data-widget_type=\"text-editor.default\">\n\t\t\t\t<div class=\"elementor-widget-container\">\n\t\t\t\t\t\t\t\t\t<p><span style=\"font-weight: 400;\">Capacito a personas y empresas en seguridad laboral y personal.<\/span><\/p><p><span style=\"letter-spacing: 0px;\">Mi trayectoria en ventas, log\u00edstica y atenci\u00f3n al cliente me permite hoy acompa\u00f1ar proyectos que promueven entornos laborales m\u00e1s humanos. <\/span><\/p><p><span style=\"letter-spacing: 0px;\">Y eso, inevitablemente, conlleva una mejora en la productividad y en la retenci\u00f3n de talento.<\/span><\/p>\t\t\t\t\t\t\t\t<\/div>\n\t\t\t\t<\/div>\n\t\t\t\t<div class=\"elementor-element elementor-element-dd4f86b elementor-invisible elementor-widget elementor-widget-image\" data-id=\"dd4f86b\" data-element_type=\"widget\" data-e-type=\"widget\" data-settings=\"{&quot;_animation&quot;:&quot;fadeInUp&quot;}\" data-widget_type=\"image.default\">\n\t\t\t\t<div class=\"elementor-widget-container\">\n\t\t\t\t\t\t\t\t\t\t\t\t\t\t\t<img decoding=\"async\" width=\"800\" height=\"296\" src=\"https:\/\/laurafilgueira.com\/wp-content\/uploads\/2023\/07\/DSC1031-optimized-1024x379.jpeg\" class=\"attachment-large size-large wp-image-1322\" alt=\"\" srcset=\"https:\/\/laurafilgueira.com\/wp-content\/uploads\/2023\/07\/DSC1031-optimized-1024x379.jpeg 1024w, https:\/\/laurafilgueira.com\/wp-content\/uploads\/2023\/07\/DSC1031-optimized-300x111.jpeg 300w, https:\/\/laurafilgueira.com\/wp-content\/uploads\/2023\/07\/DSC1031-optimized-768x284.jpeg 768w, https:\/\/laurafilgueira.com\/wp-content\/uploads\/2023\/07\/DSC1031-optimized-1536x568.jpeg 1536w, https:\/\/laurafilgueira.com\/wp-content\/uploads\/2023\/07\/DSC1031-optimized-18x7.jpeg 18w, https:\/\/laurafilgueira.com\/wp-content\/uploads\/2023\/07\/DSC1031-optimized.jpeg 1849w\" sizes=\"(max-width: 800px) 100vw, 800px\" \/>\t\t\t\t\t\t\t\t\t\t\t\t\t\t\t<\/div>\n\t\t\t\t<\/div>\n\t\t\t\t<div class=\"elementor-element elementor-element-1929819 elementor-widget__width-initial elementor-invisible elementor-widget elementor-widget-text-editor\" data-id=\"1929819\" data-element_type=\"widget\" data-e-type=\"widget\" data-settings=\"{&quot;_animation&quot;:&quot;fadeInUp&quot;}\" data-widget_type=\"text-editor.default\">\n\t\t\t\t<div class=\"elementor-widget-container\">\n\t\t\t\t\t\t\t\t\t<p>Desde 2022 soy consultora y formadora para la transformaci\u00f3n de la cultura de la seguridad con el programa <strong>SafeStart.<\/strong><\/p><p>Ofrezco servicios de consultor\u00eda y formaci\u00f3n de alta calidad y factor humano relacionados con la seguridad y la comunicaci\u00f3n.<\/p><p>Els meus clients estan alineats amb els meus valors, amb una forma de treballar apassionadament detallista i personalitzada.\u00a0<span style=\"font-weight: bold;\">apasionadamente detallista y personalizada.<\/span><\/p><p><span style=\"font-weight: bold;\">\u00a0<\/span><\/p>\t\t\t\t\t\t\t\t<\/div>\n\t\t\t\t<\/div>\n\t\t\t\t<div class=\"elementor-element elementor-element-a67287e elementor-widget-divider--view-line elementor-invisible elementor-widget elementor-widget-divider\" data-id=\"a67287e\" data-element_type=\"widget\" data-e-type=\"widget\" data-settings=\"{&quot;_animation&quot;:&quot;fadeInUp&quot;}\" data-widget_type=\"divider.default\">\n\t\t\t\t<div class=\"elementor-widget-container\">\n\t\t\t\t\t\t\t<div class=\"elementor-divider\">\n\t\t\t<span class=\"elementor-divider-separator\">\n\t\t\t\t\t\t<\/span>\n\t\t<\/div>\n\t\t\t\t\t\t<\/div>\n\t\t\t\t<\/div>\n\t\t\t\t\t<\/div>\n\t\t<\/div>\n\t\t\t\t\t<\/div>\n\t\t<\/section>\n\t\t\t\t<section class=\"elementor-section elementor-top-section elementor-element elementor-element-e507d4d elementor-section-full_width elementor-section-stretched elementor-section-height-default elementor-section-height-default\" data-id=\"e507d4d\" data-element_type=\"section\" data-e-type=\"section\" data-settings=\"{&quot;stretch_section&quot;:&quot;section-stretched&quot;}\">\n\t\t\t\t\t\t<div class=\"elementor-container elementor-column-gap-default\">\n\t\t\t\t\t<div class=\"elementor-column elementor-col-33 elementor-top-column elementor-element elementor-element-34da3b3\" data-id=\"34da3b3\" data-element_type=\"column\" data-e-type=\"column\" data-settings=\"{&quot;background_background&quot;:&quot;classic&quot;}\">\n\t\t\t<div class=\"elementor-widget-wrap elementor-element-populated\">\n\t\t\t\t\t\t<div class=\"elementor-element elementor-element-8e234af elementor-invisible elementor-widget elementor-widget-heading\" data-id=\"8e234af\" data-element_type=\"widget\" data-e-type=\"widget\" data-settings=\"{&quot;_animation&quot;:&quot;fadeInUp&quot;}\" data-widget_type=\"heading.default\">\n\t\t\t\t<div class=\"elementor-widget-container\">\n\t\t\t\t\t<h2 class=\"elementor-heading-title elementor-size-default\">Si penses que et puc ajudar en alguna cosa, o vols saber-ne m\u00e9s, escriu-me:<\/h2>\t\t\t\t<\/div>\n\t\t\t\t<\/div>\n\t\t\t\t<div class=\"elementor-element elementor-element-0360357 elementor-invisible elementor-widget elementor-widget-text-editor\" data-id=\"0360357\" data-element_type=\"widget\" data-e-type=\"widget\" data-settings=\"{&quot;_animation&quot;:&quot;fadeInUp&quot;}\" data-widget_type=\"text-editor.default\">\n\t\t\t\t<div class=\"elementor-widget-container\">\n\t\t\t\t\t\t\t\t\t<p>Un e-mail a <span style=\"text-decoration: underline;\">info@laurafilgueira.com<\/span><br \/>o un mensaje por Linkedin.<br \/>Contesto siempre.<\/p>\t\t\t\t\t\t\t\t<\/div>\n\t\t\t\t<\/div>\n\t\t\t\t\t<\/div>\n\t\t<\/div>\n\t\t\t\t<div class=\"elementor-column elementor-col-66 elementor-top-column elementor-element elementor-element-6ab170c\" data-id=\"6ab170c\" data-element_type=\"column\" data-e-type=\"column\">\n\t\t\t<div class=\"elementor-widget-wrap elementor-element-populated\">\n\t\t\t\t\t\t<div class=\"elementor-element elementor-element-c34fa89 elementor-widget__width-initial elementor-invisible elementor-widget elementor-widget-image\" data-id=\"c34fa89\" data-element_type=\"widget\" data-e-type=\"widget\" data-settings=\"{&quot;_animation&quot;:&quot;fadeIn&quot;}\" data-widget_type=\"image.default\">\n\t\t\t\t<div class=\"elementor-widget-container\">\n\t\t\t\t\t\t\t\t\t\t\t\t\t\t\t<img decoding=\"async\" width=\"1200\" height=\"800\" src=\"https:\/\/laurafilgueira.com\/wp-content\/uploads\/2023\/07\/DSC1067-optimized.jpeg\" class=\"attachment-full size-full wp-image-1327\" alt=\"\" srcset=\"https:\/\/laurafilgueira.com\/wp-content\/uploads\/2023\/07\/DSC1067-optimized.jpeg 1200w, https:\/\/laurafilgueira.com\/wp-content\/uploads\/2023\/07\/DSC1067-optimized-300x200.jpeg 300w, https:\/\/laurafilgueira.com\/wp-content\/uploads\/2023\/07\/DSC1067-optimized-1024x683.jpeg 1024w, https:\/\/laurafilgueira.com\/wp-content\/uploads\/2023\/07\/DSC1067-optimized-768x512.jpeg 768w, https:\/\/laurafilgueira.com\/wp-content\/uploads\/2023\/07\/DSC1067-optimized-18x12.jpeg 18w\" sizes=\"(max-width: 1200px) 100vw, 1200px\" \/>\t\t\t\t\t\t\t\t\t\t\t\t\t\t\t<\/div>\n\t\t\t\t<\/div>\n\t\t\t\t\t<\/div>\n\t\t<\/div>\n\t\t\t\t\t<\/div>\n\t\t<\/section>\n\t\t\t\t<section class=\"elementor-section elementor-top-section elementor-element elementor-element-5d4aff5 elementor-section-boxed elementor-section-height-default elementor-section-height-default\" data-id=\"5d4aff5\" data-element_type=\"section\" data-e-type=\"section\">\n\t\t\t\t\t\t<div class=\"elementor-container elementor-column-gap-default\">\n\t\t\t\t\t<div class=\"elementor-column elementor-col-100 elementor-top-column elementor-element elementor-element-9cf990c\" data-id=\"9cf990c\" data-element_type=\"column\" data-e-type=\"column\">\n\t\t\t<div class=\"elementor-widget-wrap elementor-element-populated\">\n\t\t\t\t\t\t\t<\/div>\n\t\t<\/div>\n\t\t\t\t\t<\/div>\n\t\t<\/section>\n\t\t\t\t<\/div>","protected":false},"excerpt":{"rendered":"<p>\u00abQue lo que hagas en tu d\u00eda a d\u00eda te mantenga alineada con tus valores.\u00bb Comunicar, y comunicar bien, es mi pasi\u00f3n. Desde que estudi\u00e9 Publicidad y RRPP me fascina la magia de hacer llegar el mensaje correcto a la persona adecuada, y de la forma adecuada. Capacito a personas y empresas en seguridad laboral [&hellip;]<\/p>","protected":false},"author":2,"featured_media":0,"parent":0,"menu_order":0,"comment_status":"closed","ping_status":"closed","template":"elementor_header_footer","meta":{"footnotes":""},"class_list":["post-176","page","type-page","status-publish","hentry"],"yoast_head":"<!-- This site is optimized with the Yoast SEO plugin v27.4 - https:\/\/yoast.com\/product\/yoast-seo-wordpress\/ -->\n<title>Sobre Laura - Laura Filgueira<\/title>\n<meta name=\"description\" content=\"Desde hace 4 a\u00f1os desarrollo estrategias de ventas para que personas como t\u00fa, que trabajan en empresas grandes o peque\u00f1as, puedan acceder a servicios de alta calidad y factor humano relacionados con la comunicaci\u00f3n.\" \/>\n<meta name=\"robots\" content=\"index, follow, max-snippet:-1, max-image-preview:large, max-video-preview:-1\" \/>\n<link rel=\"canonical\" href=\"https:\/\/darkcyan-armadillo-498192.hostingersite.com\/sobre-laura\" \/>\n<meta property=\"og:locale\" content=\"ca_ES\" \/>\n<meta property=\"og:type\" content=\"article\" \/>\n<meta property=\"og:title\" content=\"Sobre Laura - Laura Filgueira\" \/>\n<meta property=\"og:description\" content=\"Desde hace 4 a\u00f1os desarrollo estrategias de ventas para que personas como t\u00fa, que trabajan en empresas grandes o peque\u00f1as, puedan acceder a servicios de alta calidad y factor humano relacionados con la comunicaci\u00f3n.\" \/>\n<meta property=\"og:url\" content=\"https:\/\/darkcyan-armadillo-498192.hostingersite.com\/sobre-laura\" \/>\n<meta property=\"og:site_name\" content=\"Laura Filgueira\" \/>\n<meta property=\"article:modified_time\" content=\"2025-07-29T11:42:45+00:00\" \/>\n<meta property=\"og:image\" content=\"https:\/\/laurafilgueira.com\/wp-content\/uploads\/2023\/07\/DSC0900-optimized.jpeg\" \/>\n<meta name=\"twitter:card\" content=\"summary_large_image\" \/>\n<meta name=\"twitter:label1\" content=\"Temps estimat de lectura\" \/>\n\t<meta name=\"twitter:data1\" content=\"2 minuts\" \/>\n<script type=\"application\/ld+json\" class=\"yoast-schema-graph\">{\"@context\":\"https:\\\/\\\/schema.org\",\"@graph\":[{\"@type\":\"WebPage\",\"@id\":\"https:\\\/\\\/darkcyan-armadillo-498192.hostingersite.com\\\/sobre-laura\",\"url\":\"https:\\\/\\\/darkcyan-armadillo-498192.hostingersite.com\\\/sobre-laura\",\"name\":\"Sobre Laura - Laura Filgueira\",\"isPartOf\":{\"@id\":\"https:\\\/\\\/darkcyan-armadillo-498192.hostingersite.com\\\/#website\"},\"primaryImageOfPage\":{\"@id\":\"https:\\\/\\\/darkcyan-armadillo-498192.hostingersite.com\\\/sobre-laura#primaryimage\"},\"image\":{\"@id\":\"https:\\\/\\\/darkcyan-armadillo-498192.hostingersite.com\\\/sobre-laura#primaryimage\"},\"thumbnailUrl\":\"https:\\\/\\\/laurafilgueira.com\\\/wp-content\\\/uploads\\\/2023\\\/07\\\/DSC0900-optimized.jpeg\",\"datePublished\":\"2023-05-31T21:12:00+00:00\",\"dateModified\":\"2025-07-29T11:42:45+00:00\",\"description\":\"Desde hace 4 a\u00f1os desarrollo estrategias de ventas para que personas como t\u00fa, que trabajan en empresas grandes o peque\u00f1as, puedan acceder a servicios de alta calidad y factor humano relacionados con la comunicaci\u00f3n.\",\"breadcrumb\":{\"@id\":\"https:\\\/\\\/darkcyan-armadillo-498192.hostingersite.com\\\/sobre-laura#breadcrumb\"},\"inLanguage\":\"ca\",\"potentialAction\":[{\"@type\":\"ReadAction\",\"target\":[\"https:\\\/\\\/darkcyan-armadillo-498192.hostingersite.com\\\/sobre-laura\"]}]},{\"@type\":\"ImageObject\",\"inLanguage\":\"ca\",\"@id\":\"https:\\\/\\\/darkcyan-armadillo-498192.hostingersite.com\\\/sobre-laura#primaryimage\",\"url\":\"https:\\\/\\\/laurafilgueira.com\\\/wp-content\\\/uploads\\\/2023\\\/07\\\/DSC0900-optimized.jpeg\",\"contentUrl\":\"https:\\\/\\\/laurafilgueira.com\\\/wp-content\\\/uploads\\\/2023\\\/07\\\/DSC0900-optimized.jpeg\"},{\"@type\":\"BreadcrumbList\",\"@id\":\"https:\\\/\\\/darkcyan-armadillo-498192.hostingersite.com\\\/sobre-laura#breadcrumb\",\"itemListElement\":[{\"@type\":\"ListItem\",\"position\":1,\"name\":\"Home\",\"item\":\"https:\\\/\\\/darkcyan-armadillo-498192.hostingersite.com\\\/\"},{\"@type\":\"ListItem\",\"position\":2,\"name\":\"Sobre Laura\"}]},{\"@type\":\"WebSite\",\"@id\":\"https:\\\/\\\/darkcyan-armadillo-498192.hostingersite.com\\\/#website\",\"url\":\"https:\\\/\\\/darkcyan-armadillo-498192.hostingersite.com\\\/\",\"name\":\"Laura Filgueira\",\"description\":\"\",\"publisher\":{\"@id\":\"https:\\\/\\\/darkcyan-armadillo-498192.hostingersite.com\\\/#organization\"},\"potentialAction\":[{\"@type\":\"SearchAction\",\"target\":{\"@type\":\"EntryPoint\",\"urlTemplate\":\"https:\\\/\\\/darkcyan-armadillo-498192.hostingersite.com\\\/?s={search_term_string}\"},\"query-input\":{\"@type\":\"PropertyValueSpecification\",\"valueRequired\":true,\"valueName\":\"search_term_string\"}}],\"inLanguage\":\"ca\"},{\"@type\":\"Organization\",\"@id\":\"https:\\\/\\\/darkcyan-armadillo-498192.hostingersite.com\\\/#organization\",\"name\":\"Laura Filgueira\",\"url\":\"https:\\\/\\\/darkcyan-armadillo-498192.hostingersite.com\\\/\",\"logo\":{\"@type\":\"ImageObject\",\"inLanguage\":\"ca\",\"@id\":\"https:\\\/\\\/darkcyan-armadillo-498192.hostingersite.com\\\/#\\\/schema\\\/logo\\\/image\\\/\",\"url\":\"https:\\\/\\\/laurafilgueira.com\\\/wp-content\\\/uploads\\\/2023\\\/05\\\/2-1-e1685803739684.png\",\"contentUrl\":\"https:\\\/\\\/laurafilgueira.com\\\/wp-content\\\/uploads\\\/2023\\\/05\\\/2-1-e1685803739684.png\",\"width\":500,\"height\":238,\"caption\":\"Laura Filgueira\"},\"image\":{\"@id\":\"https:\\\/\\\/darkcyan-armadillo-498192.hostingersite.com\\\/#\\\/schema\\\/logo\\\/image\\\/\"}}]}<\/script>\n<!-- \/ Yoast SEO plugin. -->","yoast_head_json":{"title":"Sobre Laura - Laura Filgueira","description":"Des de fa 4 anys, dissenyo estrategies de venda per a que persones com tu, que treballen en empreses grans o petites, puguin accedir serveis d\u2019alta qualitat i factor hum\u00e0 relacionats amb la comunicaci\u00f3.","robots":{"index":"index","follow":"follow","max-snippet":"max-snippet:-1","max-image-preview":"max-image-preview:large","max-video-preview":"max-video-preview:-1"},"canonical":"https:\/\/darkcyan-armadillo-498192.hostingersite.com\/sobre-laura","og_locale":"ca_ES","og_type":"article","og_title":"Sobre Laura - Laura Filgueira","og_description":"Desde hace 4 a\u00f1os desarrollo estrategias de ventas para que personas como t\u00fa, que trabajan en empresas grandes o peque\u00f1as, puedan acceder a servicios de alta calidad y factor humano relacionados con la comunicaci\u00f3n.","og_url":"https:\/\/darkcyan-armadillo-498192.hostingersite.com\/sobre-laura","og_site_name":"Laura Filgueira","article_modified_time":"2025-07-29T11:42:45+00:00","og_image":[{"url":"https:\/\/laurafilgueira.com\/wp-content\/uploads\/2023\/07\/DSC0900-optimized.jpeg","type":"","width":"","height":""}],"twitter_card":"summary_large_image","twitter_misc":{"Temps estimat de lectura":"2 minuts"},"schema":{"@context":"https:\/\/schema.org","@graph":[{"@type":"WebPage","@id":"https:\/\/darkcyan-armadillo-498192.hostingersite.com\/sobre-laura","url":"https:\/\/darkcyan-armadillo-498192.hostingersite.com\/sobre-laura","name":"Sobre Laura - Laura Filgueira","isPartOf":{"@id":"https:\/\/darkcyan-armadillo-498192.hostingersite.com\/#website"},"primaryImageOfPage":{"@id":"https:\/\/darkcyan-armadillo-498192.hostingersite.com\/sobre-laura#primaryimage"},"image":{"@id":"https:\/\/darkcyan-armadillo-498192.hostingersite.com\/sobre-laura#primaryimage"},"thumbnailUrl":"https:\/\/laurafilgueira.com\/wp-content\/uploads\/2023\/07\/DSC0900-optimized.jpeg","datePublished":"2023-05-31T21:12:00+00:00","dateModified":"2025-07-29T11:42:45+00:00","description":"Des de fa 4 anys, dissenyo estrategies de venda per a que persones com tu, que treballen en empreses grans o petites, puguin accedir serveis d\u2019alta qualitat i factor hum\u00e0 relacionats amb la comunicaci\u00f3.","breadcrumb":{"@id":"https:\/\/darkcyan-armadillo-498192.hostingersite.com\/sobre-laura#breadcrumb"},"inLanguage":"ca","potentialAction":[{"@type":"ReadAction","target":["https:\/\/darkcyan-armadillo-498192.hostingersite.com\/sobre-laura"]}]},{"@type":"ImageObject","inLanguage":"ca","@id":"https:\/\/darkcyan-armadillo-498192.hostingersite.com\/sobre-laura#primaryimage","url":"https:\/\/laurafilgueira.com\/wp-content\/uploads\/2023\/07\/DSC0900-optimized.jpeg","contentUrl":"https:\/\/laurafilgueira.com\/wp-content\/uploads\/2023\/07\/DSC0900-optimized.jpeg"},{"@type":"BreadcrumbList","@id":"https:\/\/darkcyan-armadillo-498192.hostingersite.com\/sobre-laura#breadcrumb","itemListElement":[{"@type":"ListItem","position":1,"name":"Home","item":"https:\/\/darkcyan-armadillo-498192.hostingersite.com\/"},{"@type":"ListItem","position":2,"name":"Sobre Laura"}]},{"@type":"WebSite","@id":"https:\/\/darkcyan-armadillo-498192.hostingersite.com\/#website","url":"https:\/\/darkcyan-armadillo-498192.hostingersite.com\/","name":"Laura Filgueira","description":"","publisher":{"@id":"https:\/\/darkcyan-armadillo-498192.hostingersite.com\/#organization"},"potentialAction":[{"@type":"SearchAction","target":{"@type":"EntryPoint","urlTemplate":"https:\/\/darkcyan-armadillo-498192.hostingersite.com\/?s={search_term_string}"},"query-input":{"@type":"PropertyValueSpecification","valueRequired":true,"valueName":"search_term_string"}}],"inLanguage":"ca"},{"@type":"Organization","@id":"https:\/\/darkcyan-armadillo-498192.hostingersite.com\/#organization","name":"Laura Filgueira","url":"https:\/\/darkcyan-armadillo-498192.hostingersite.com\/","logo":{"@type":"ImageObject","inLanguage":"ca","@id":"https:\/\/darkcyan-armadillo-498192.hostingersite.com\/#\/schema\/logo\/image\/","url":"https:\/\/laurafilgueira.com\/wp-content\/uploads\/2023\/05\/2-1-e1685803739684.png","contentUrl":"https:\/\/laurafilgueira.com\/wp-content\/uploads\/2023\/05\/2-1-e1685803739684.png","width":500,"height":238,"caption":"Laura Filgueira"},"image":{"@id":"https:\/\/darkcyan-armadillo-498192.hostingersite.com\/#\/schema\/logo\/image\/"}}]}},"_links":{"self":[{"href":"https:\/\/laurafilgueira.com\/ca\/wp-json\/wp\/v2\/pages\/176","targetHints":{"allow":["GET"]}}],"collection":[{"href":"https:\/\/laurafilgueira.com\/ca\/wp-json\/wp\/v2\/pages"}],"about":[{"href":"https:\/\/laurafilgueira.com\/ca\/wp-json\/wp\/v2\/types\/page"}],"author":[{"embeddable":true,"href":"https:\/\/laurafilgueira.com\/ca\/wp-json\/wp\/v2\/users\/2"}],"replies":[{"embeddable":true,"href":"https:\/\/laurafilgueira.com\/ca\/wp-json\/wp\/v2\/comments?post=176"}],"version-history":[{"count":215,"href":"https:\/\/laurafilgueira.com\/ca\/wp-json\/wp\/v2\/pages\/176\/revisions"}],"predecessor-version":[{"id":1405,"href":"https:\/\/laurafilgueira.com\/ca\/wp-json\/wp\/v2\/pages\/176\/revisions\/1405"}],"wp:attachment":[{"href":"https:\/\/laurafilgueira.com\/ca\/wp-json\/wp\/v2\/media?parent=176"}],"curies":[{"name":"wp","href":"https:\/\/api.w.org\/{rel}","templated":true}]}}